{"id":1283,"date":"2019-02-11T14:48:41","date_gmt":"2019-02-11T13:48:41","guid":{"rendered":"https:\/\/www.believearts.com\/believe-diseno-creativo\/?page_id=1283"},"modified":"2019-02-11T18:22:21","modified_gmt":"2019-02-11T17:22:21","slug":"el-evento-perfecto","status":"publish","type":"page","link":"https:\/\/www.believearts.com\/believe-diseno-creativo\/el-evento-perfecto\/","title":{"rendered":"El Evento Perfecto"},"content":{"rendered":"<div class=\"wpb-content-wrapper\"><p>[vc_row][vc_column][vc_column_text]<\/p>\n<h1>El Evento Perfecto<\/h1>\n<p>Desde believe hacemos organizaci\u00f3n de eventos de todo tipo. Porque el evento perfecto puede estar en cualquier sitio. Tanto empresariales: juntas de accionistas, presentaciones de producto, reuniones de motivaci\u00f3n, inauguraciones&#8230; Como personales: hemos organizado bodas, bautizos, aniversarios&#8230;<\/p>\n<p>Tenemos claro que no es lo mismo una junta de accionistas del IBEX 35 que una boda \u00edntima. No es lo mismo porque ning\u00fan evento es igual. El evento perfecto sin embargo tiene muchas caracter\u00edsticas comunes. Todas parten de una organizaci\u00f3n perfecta. De poder aportar soluciones a medida de cada necesidad. Aportamos soluciones integrales o nos integramos en un equipo para solucionar la parte que se nos pide, porque el trabajo en equipo es otra parte clave en el \u00e9xito de la organizaci\u00f3n de un evento.[\/vc_column_text][vc_empty_space height=\u00bb10px\u00bb][vc_row_inner][vc_column_inner width=\u00bb2\/3&#8243;][vc_column_text]<\/p>\n<h2>El evento perfecto: como conseguirlo<\/h2>\n<p>Crear el evento perfecto es la meta que se repite en cada encargo. Con los a\u00f1os de experiencia en la creaci\u00f3n de todo tipo de eventos hemos ido creando nuestra propia gu\u00eda. Son 25 pasos que hablan de los preparativos, de las posibilidades, Todo est\u00e1 estructurado temporalmente. Toda organizaci\u00f3n de eventos tiene que tener claro el antes, el durante y el despu\u00e9s.<\/p>\n<p>Una vez que se sabe lo que se quiere hay que saber hacerlo. Eso es el segundo paso. Desde la convocatoria hasta un recordatorio posterior&#8230; porque un evento perfecto no pasa al olvido. Es para siempre.<\/p>\n<p>Si son necesarios grandes decorados. Si necesitamos medios t\u00e9cnicos&#8230; c\u00e1maras, luces, sonido. Los medios humanos son a\u00fan m\u00e1s importantes&#8230; t\u00e9cnicos o azafatas, camareros o una orquesta, un famoso presentador o un decorador que consigue que todo sea tan simple como perfecto.[\/vc_column_text][\/vc_column_inner][vc_column_inner width=\u00bb1\/3&#8243;][vc_single_image image=\u00bb1285&#8243; img_size=\u00bbfull\u00bb alignment=\u00bbcenter\u00bb onclick=\u00bblink_image\u00bb][\/vc_column_inner][\/vc_row_inner][vc_row_inner][vc_column_inner][vc_column_text]<\/p>\n<h2>Madrid, Barcelona&#8230; Organizamos eventos en cualquier lugar<\/h2>\n<p>En believe, desde su sede en Madrid se organizan eventos en todo Espa\u00f1a. Dec\u00edamos al principio que el evento perfecto puede estar en cualquier lugar&#8230; nos hemos desplazado innumerables veces por todo Espa\u00f1a y unas pocas fuera&#8230; pero siempre manda una premisa: el lugar tiene que ser el mejor posible. El que mejor se adapta a las necesidades concretas de cada celebraci\u00f3n.<\/p>\n<p>Tanto si lo tienes claro como si tienes dudas&#8230; lo mejor es hablemos[\/vc_column_text][vc_btn title=\u00bbcontacto agencia comunicaci\u00f3n Madrid\u00bb color=\u00bbblack\u00bb align=\u00bbcenter\u00bb button_block=\u00bbtrue\u00bb link=\u00bburl:https%3A%2F%2Fwww.believearts.com%2Fbelieve-diseno-creativo%2Fcontacto-agencia-de-comunicacion-madrid%2F|title:contacto%20agencia%20comunicaci%C3%B3n%20madrid||\u00bb][vc_column_text]Y para los que quer\u00e9is saber m\u00e1s os hemos preparado dos eventos perfectos. Distintos entre ellos, como todos, con algo importante en com\u00fan. Tanto los clientes, como los asistentes se quedaron encantados.<\/p>\n<p>En este primer ejemplo podemos ver como aprovechar la inauguraci\u00f3n de un cine para salir en el Libro Guinness de los r\u00e9cords[\/vc_column_text][\/vc_column_inner][\/vc_row_inner][vc_row_inner][vc_column_inner width=\u00bb1\/4&#8243;][vc_single_image image=\u00bb1295&#8243; img_size=\u00bbfull\u00bb alignment=\u00bbcenter\u00bb][\/vc_column_inner][vc_column_inner width=\u00bb1\/4&#8243;][vc_single_image image=\u00bb1302&#8243; img_size=\u00bbfull\u00bb alignment=\u00bbcenter\u00bb][\/vc_column_inner][vc_column_inner width=\u00bb1\/4&#8243;][vc_single_image image=\u00bb1301&#8243; img_size=\u00bbfull\u00bb alignment=\u00bbcenter\u00bb][\/vc_column_inner][vc_column_inner width=\u00bb1\/4&#8243;][vc_single_image image=\u00bb1305&#8243; img_size=\u00bbfull\u00bb alignment=\u00bbcenter\u00bb][\/vc_column_inner][\/vc_row_inner][vc_row_inner][vc_column_inner][vc_btn title=\u00bbOrganizaci\u00f3n de eventos: Un evento de Record\u00bb color=\u00bbblack\u00bb align=\u00bbcenter\u00bb button_block=\u00bbtrue\u00bb link=\u00bburl:https%3A%2F%2Fwww.believearts.com%2Fbelieve-diseno-creativo%2Fel-evento-perfecto%2Forganizacion-de-eventos-un-evento-de-record%2F|title:ORGANIZACI%C3%93N%20DE%20EVENTOS%3A%20%20UN%20EVENTO%20DE%20RECORD||\u00bb][vc_column_text]En este segundo ejemplo dejamos los grandes eventos y pasamos a un selecto grupo de invitados y a una obligaci\u00f3n . Convertir ese d\u00eda en algo inolvidable[\/vc_column_text][\/vc_column_inner][\/vc_row_inner][vc_row_inner][vc_column_inner width=\u00bb1\/4&#8243;][vc_single_image image=\u00bb1330&#8243; img_size=\u00bbfull\u00bb alignment=\u00bbcenter\u00bb][\/vc_column_inner][vc_column_inner width=\u00bb1\/4&#8243;][vc_single_image image=\u00bb1324&#8243; img_size=\u00bbfull\u00bb alignment=\u00bbcenter\u00bb][\/vc_column_inner][vc_column_inner width=\u00bb1\/4&#8243;][vc_single_image image=\u00bb1328&#8243; img_size=\u00bbfull\u00bb alignment=\u00bbcenter\u00bb][\/vc_column_inner][vc_column_inner width=\u00bb1\/4&#8243;][vc_single_image image=\u00bb1329&#8243; img_size=\u00bbfull\u00bb alignment=\u00bbcenter\u00bb][\/vc_column_inner][\/vc_row_inner][vc_row_inner][vc_column_inner][vc_btn title=\u00bbOrganizaci\u00f3n de eventos: Conseguir que sea inolvidable\u00bb color=\u00bbblack\u00bb align=\u00bbcenter\u00bb button_block=\u00bbtrue\u00bb link=\u00bburl:https%3A%2F%2Fwww.believearts.com%2Fbelieve-diseno-creativo%2Fel-evento-perfecto%2Forganizacion-de-eventos-conseguir-que-sea-inolvidable%2F|title:ORGANIZACI%C3%93N%20DE%20EVENTOS%3A%20CONSEGUIR%20QUE%20SEA%20INOLVIDABLE||\u00bb][\/vc_column_inner][\/vc_row_inner][\/vc_column][\/vc_row]<\/p>\n<\/div>","protected":false},"excerpt":{"rendered":"<p>[vc_row][vc_column][vc_column_text] El Evento Perfecto Desde believe hacemos organizaci\u00f3n de eventos de todo tipo. Porque el evento perfecto puede estar en cualquier sitio&#8230;.<\/p>\n","protected":false},"author":3,"featured_media":0,"parent":0,"menu_order":0,"comment_status":"closed","ping_status":"closed","template":"","meta":{"footnotes":""},"class_list":["post-1283","page","type-page","status-publish"],"_links":{"self":[{"href":"https:\/\/www.believearts.com\/believe-diseno-creativo\/wp-json\/wp\/v2\/pages\/1283","targetHints":{"allow":["GET"]}}],"collection":[{"href":"https:\/\/www.believearts.com\/believe-diseno-creativo\/wp-json\/wp\/v2\/pages"}],"about":[{"href":"https:\/\/www.believearts.com\/believe-diseno-creativo\/wp-json\/wp\/v2\/types\/page"}],"author":[{"embeddable":true,"href":"https:\/\/www.believearts.com\/believe-diseno-creativo\/wp-json\/wp\/v2\/users\/3"}],"replies":[{"embeddable":true,"href":"https:\/\/www.believearts.com\/believe-diseno-creativo\/wp-json\/wp\/v2\/comments?post=1283"}],"version-history":[{"count":0,"href":"https:\/\/www.believearts.com\/believe-diseno-creativo\/wp-json\/wp\/v2\/pages\/1283\/revisions"}],"wp:attachment":[{"href":"https:\/\/www.believearts.com\/believe-diseno-creativo\/wp-json\/wp\/v2\/media?parent=1283"}],"curies":[{"name":"wp","href":"https:\/\/api.w.org\/{rel}","templated":true}]}}