{"id":1312,"date":"2019-02-11T16:28:37","date_gmt":"2019-02-11T15:28:37","guid":{"rendered":"https:\/\/www.believearts.com\/believe-diseno-creativo\/?page_id=1312"},"modified":"2019-02-11T16:35:33","modified_gmt":"2019-02-11T15:35:33","slug":"organizacion-de-eventos-un-evento-de-record","status":"publish","type":"page","link":"https:\/\/www.believearts.com\/believe-diseno-creativo\/el-evento-perfecto\/organizacion-de-eventos-un-evento-de-record\/","title":{"rendered":"Organizaci\u00f3n de eventos: Un evento de Record"},"content":{"rendered":"<div class=\"wpb-content-wrapper\"><p>[vc_row][vc_column][vc_column_text]<\/p>\n<h1>Organizaci\u00f3n de eventos:<\/h1>\n<h1>Un evento de Record<\/h1>\n<p>Una de las partes fundamentales en la organizaci\u00f3n de un evento de empresa es la convocatoria de medios. Siempre hay que ser creativo. Tan importante es convocar a los medios antes de la fecha clave como hacer que esta convocatoria resulte interesante. Los medios se nutren de noticias y para conseguir que asistan y luego publiquen la dicha asistencia es imprescindible que el evento aporte noticia&#8230; La mayor\u00eda de los eventos son my importantes para la marca pero no lo son para los medios. <a href=\"https:\/\/www.believearts.com\/believe-diseno-creativo\/el-evento-perfecto\/\">El evento perfecto<\/a> es noticia en si mismo y esto no hay que olvidarlo cuando planteas la organizaci\u00f3n y la creatividad de un evento.<\/p>\n<p>A continuaci\u00f3n, a modo de ejemplo, os contamos un evento que organizamos hace varios a\u00f1os y que nos parece que ilustra muy bien este tema.<\/p>\n<h2>Organizaci\u00f3n de eventos<\/h2>\n<p>El cliente nos planteo su necesidad de organizar un evento: la inauguraci\u00f3n de un cine. Quer\u00eda que convertir la inauguraci\u00f3n en noticia y de paso que se diera a conocer el centro comercial en el que se encuentra. En unas pocas im\u00e1genes vamos a ver como se aplica el <a href=\"https:\/\/www.believearts.com\/believe-diseno-creativo\/\">dise\u00f1o creativo<\/a> en los pasos principales de la organizaci\u00f3n de un evento.[\/vc_column_text][vc_empty_space height=\u00bb10px\u00bb][vc_row_inner][vc_column_inner width=\u00bb1\/3&#8243;][vc_single_image image=\u00bb1298&#8243; img_size=\u00bbfull\u00bb alignment=\u00bbcenter\u00bb][vc_column_text]Como dec\u00edamos antes el cliente era Cine Box y quer\u00eda organizar un evento para dar a conocer sus nuevos cines y de paso el centro comercial en el que se ubican[\/vc_column_text][\/vc_column_inner][vc_column_inner width=\u00bb1\/3&#8243;][vc_single_image image=\u00bb1295&#8243; img_size=\u00bbfull\u00bb alignment=\u00bbcenter\u00bb][vc_column_text]Planteamos el evento como na oportunidad para batir el Record al palomitero m\u00e1s grande del mundo. Ya ten\u00edamos noticia y \u00abcoraz\u00f3n\u00bb para nuestro evento.[\/vc_column_text][\/vc_column_inner][vc_column_inner width=\u00bb1\/3&#8243;][vc_single_image image=\u00bb1294&#8243; img_size=\u00bbfull\u00bb alignment=\u00bbcenter\u00bb][vc_column_text]Se anunci\u00f3 previamente la fecha del evento y la posibilidad de participar en un r\u00e9cord mundial. Todos los asistentes podr\u00edan colaborar ayudando a conseguirlo.[\/vc_column_text][\/vc_column_inner][\/vc_row_inner][vc_row_inner][vc_column_inner width=\u00bb1\/3&#8243;][vc_single_image image=\u00bb1300&#8243; img_size=\u00bbfull\u00bb alignment=\u00bbcenter\u00bb][vc_column_text]El proceso era muy sencillo. Se instalaron maquinas de hacer palomitas en el exterior&#8230; las m\u00e1quinas cl\u00e1sicas de las ferias, ten\u00edan mucho trabajo por delante[\/vc_column_text][\/vc_column_inner][vc_column_inner width=\u00bb1\/3&#8243;][vc_single_image image=\u00bb1296&#8243; img_size=\u00bbfull\u00bb alignment=\u00bbcenter\u00bb][vc_column_text]Los clientes llegaban al centro comercial informados, ya que la posibilidad de participar en evento que supone un r\u00e9cord mundial no pasa desapercibida[\/vc_column_text][\/vc_column_inner][vc_column_inner width=\u00bb1\/3&#8243;][vc_single_image image=\u00bb1308&#8243; img_size=\u00bbfull\u00bb alignment=\u00bbcenter\u00bb][vc_column_text]Y poco a poco se consegu\u00eda que el palomero creado espec\u00edficamente para la ocasi\u00f3n se fuera llenando. Hab\u00eda un tiempo establecido para conseguir el r\u00e9cord.[\/vc_column_text][\/vc_column_inner][\/vc_row_inner][vc_row_inner][vc_column_inner width=\u00bb1\/3&#8243;][vc_single_image image=\u00bb1301&#8243; img_size=\u00bbfull\u00bb alignment=\u00bbcenter\u00bb][vc_column_text]La convocatoria de medios fue un \u00e9xito. Ondacero hizo u programa desde all\u00ed (Gomaespuma), y asistieron varias televisiones (Espa\u00f1a directo entre otros), radios y prensa escrita.[\/vc_column_text][\/vc_column_inner][vc_column_inner width=\u00bb1\/3&#8243;][vc_single_image image=\u00bb1303&#8243; img_size=\u00bbfull\u00bb alignment=\u00bbcenter\u00bb][vc_column_text]Adem\u00e1s del record mundial en la inauguraci\u00f3n de un cine no pueden faltar algunos cl\u00e1sicos como el hombre que escupe fuego o el tragasables[\/vc_column_text][\/vc_column_inner][vc_column_inner width=\u00bb1\/3&#8243;][vc_single_image image=\u00bb1302&#8243; img_size=\u00bbfull\u00bb alignment=\u00bbcenter\u00bb][vc_column_text]Y por supuesto en ninguna organizaci\u00f3n de evento pueden faltar famosos y autoridades. En este caso que mejor que grandes estrellas de cine para hacer la inauguraci\u00f3n.[\/vc_column_text][\/vc_column_inner][\/vc_row_inner][vc_row_inner][vc_column_inner width=\u00bb1\/3&#8243;][vc_single_image image=\u00bb1309&#8243; img_size=\u00bbfull\u00bb alignment=\u00bbcenter\u00bb][vc_column_text]Desde believe ya lo hab\u00edamos avisado. Todo el mundo iba a querer participar y a\u00f1adir su granito de arena (en este caso su vaso de palomitas) en el evento[\/vc_column_text][\/vc_column_inner][vc_column_inner width=\u00bb1\/3&#8243;][vc_single_image image=\u00bb1305&#8243; img_size=\u00bbfull\u00bb alignment=\u00bbcenter\u00bb][vc_column_text]Y el record mundial se consigui\u00f3. Quedo registrado por la organizaci\u00f3n del\u00a0<i><b>El libro Guinness de los r\u00e9cords. <\/b>Ese d\u00eda pas\u00f3 a la\u00a0<\/i><i>historia<\/i>[\/vc_column_text][\/vc_column_inner][vc_column_inner width=\u00bb1\/3&#8243;][vc_single_image image=\u00bb1306&#8243; img_size=\u00bbfull\u00bb alignment=\u00bbcenter\u00bb][vc_column_text]Palomitero lleno. R\u00e9cord conseguido. Amplia presencia en medios&#8230;. otro evento perfectamente creado y organizado por parte de believe[\/vc_column_text][\/vc_column_inner][\/vc_row_inner][vc_row_inner][vc_column_inner][\/vc_column_inner][\/vc_row_inner][\/vc_column][\/vc_row]<\/p>\n<\/div>","protected":false},"excerpt":{"rendered":"<p>[vc_row][vc_column][vc_column_text] Organizaci\u00f3n de eventos: Un evento de Record Una de las partes fundamentales en la organizaci\u00f3n de un evento de empresa es&#8230;<\/p>\n","protected":false},"author":3,"featured_media":0,"parent":1283,"menu_order":0,"comment_status":"closed","ping_status":"closed","template":"","meta":{"footnotes":""},"class_list":["post-1312","page","type-page","status-publish"],"_links":{"self":[{"href":"https:\/\/www.believearts.com\/believe-diseno-creativo\/wp-json\/wp\/v2\/pages\/1312","targetHints":{"allow":["GET"]}}],"collection":[{"href":"https:\/\/www.believearts.com\/believe-diseno-creativo\/wp-json\/wp\/v2\/pages"}],"about":[{"href":"https:\/\/www.believearts.com\/believe-diseno-creativo\/wp-json\/wp\/v2\/types\/page"}],"author":[{"embeddable":true,"href":"https:\/\/www.believearts.com\/believe-diseno-creativo\/wp-json\/wp\/v2\/users\/3"}],"replies":[{"embeddable":true,"href":"https:\/\/www.believearts.com\/believe-diseno-creativo\/wp-json\/wp\/v2\/comments?post=1312"}],"version-history":[{"count":0,"href":"https:\/\/www.believearts.com\/believe-diseno-creativo\/wp-json\/wp\/v2\/pages\/1312\/revisions"}],"up":[{"embeddable":true,"href":"https:\/\/www.believearts.com\/believe-diseno-creativo\/wp-json\/wp\/v2\/pages\/1283"}],"wp:attachment":[{"href":"https:\/\/www.believearts.com\/believe-diseno-creativo\/wp-json\/wp\/v2\/media?parent=1312"}],"curies":[{"name":"wp","href":"https:\/\/api.w.org\/{rel}","templated":true}]}}