{"id":1333,"date":"2019-02-11T18:17:08","date_gmt":"2019-02-11T17:17:08","guid":{"rendered":"https:\/\/www.believearts.com\/believe-diseno-creativo\/?page_id=1333"},"modified":"2019-02-11T18:19:08","modified_gmt":"2019-02-11T17:19:08","slug":"organizacion-de-eventos-conseguir-que-sea-inolvidable","status":"publish","type":"page","link":"https:\/\/www.believearts.com\/believe-diseno-creativo\/el-evento-perfecto\/organizacion-de-eventos-conseguir-que-sea-inolvidable\/","title":{"rendered":"Organizaci\u00f3n de eventos: Conseguir que sea inolvidable"},"content":{"rendered":"<div class=\"wpb-content-wrapper\"><p>[vc_row][vc_column][vc_column_text]<\/p>\n<h1>Organizaci\u00f3n de eventos:<\/h1>\n<h1>Conseguir que sea inolvidable<\/h1>\n<p>Cuando organizas un evento, al plantear la creatividad, piensas\u00a0<a href=\"https:\/\/www.believearts.com\/believe-diseno-creativo\/el-evento-perfecto\/\">el evento perfecto<\/a>\u00a0debe ser inolvidable. Y as\u00ed es como planteamos el <a href=\"https:\/\/www.believearts.com\/believe-diseno-creativo\/\">dise\u00f1o creativo<\/a>\u00a0buscando que lo que hacemos perdure. No puede ser una noche m\u00e1s sino una especial. Hemos organizado eventos de empresa muchas veces y no son pocas las que vemos que los asistentes lo toman como trabajo&#8230; y encima fuera de horario&#8230;<\/p>\n<h2>Organizaci\u00f3n de eventos inolvidables<\/h2>\n<p>En este caso el cliente nos planteo un evento que sirviera de incentivo para una parte muy importante de su equipo. Las Delegadas de Luxury Travel Retail. Coincid\u00eda con el 80 Aniversario de Lancome&#8230; as\u00ed que decidimos aprovechar la ocasi\u00f3n para organizar un evento que resultara inolvidable[\/vc_column_text][vc_empty_space height=\u00bb10px\u00bb][vc_row_inner][vc_column_inner width=\u00bb1\/3&#8243;][vc_single_image image=\u00bb1330&#8243; img_size=\u00bbfull\u00bb alignment=\u00bbcenter\u00bb][vc_column_text]El centro de reuniones elegido fue un precioso estudi\u00f3 de fotograf\u00eda. Los asistentes pensaban en la t\u00edpica reuni\u00f3n&#8230; presentaci\u00f3n de producto + catering<\/p>\n<p>[\/vc_column_text][\/vc_column_inner][vc_column_inner width=\u00bb1\/3&#8243;][vc_single_image image=\u00bb1324&#8243; img_size=\u00bbfull\u00bb alignment=\u00bbcenter\u00bb][vc_column_text]El estudio posee una amplia zona de maquillaje y vestuario. Pusimos a su disposici\u00f3n un equipo de expertos estilistas y maquilladores[\/vc_column_text][\/vc_column_inner][vc_column_inner width=\u00bb1\/3&#8243;][vc_single_image image=\u00bb1328&#8243; img_size=\u00bbfull\u00bb alignment=\u00bbcenter\u00bb][vc_column_text]Charlamos entre todos de la historia de la marca y de las distintas \u00e9pocas por las que ha pasado&#8230; y ya que est\u00e1bamos all\u00ed&#8230;[\/vc_column_text][\/vc_column_inner][\/vc_row_inner][vc_row_inner][vc_column_inner width=\u00bb1\/3&#8243;][vc_single_image image=\u00bb1334&#8243; img_size=\u00bbfull\u00bb alignment=\u00bbcenter\u00bb][vc_column_text]Les preguntamos como har\u00edan una campa\u00f1a de Aniversario. Serian el equipo creativo y el protagonista de la campa\u00f1a.[\/vc_column_text][\/vc_column_inner][vc_column_inner width=\u00bb1\/3&#8243;][vc_single_image image=\u00bb1329&#8243; img_size=\u00bbfull\u00bb alignment=\u00bbcenter\u00bb][vc_column_text]Les encanto la idea. Si vistieron, se maquillaron y fueron protagonistas de una sesi\u00f3n de fotos de estudio que ser\u00edan el centro de su propia campa\u00f1a.[\/vc_column_text][\/vc_column_inner][vc_column_inner width=\u00bb1\/3&#8243;][vc_single_image image=\u00bb1325&#8243; img_size=\u00bbfull\u00bb alignment=\u00bbcenter\u00bb][vc_column_text]All\u00ed mismo se hicieron las fotos. Contaban con un equipo creativo a su disposici\u00f3n que ya sab\u00eda cual era su idea de campa\u00f1a.[\/vc_column_text][\/vc_column_inner][\/vc_row_inner][vc_row_inner][vc_column_inner width=\u00bb1\/3&#8243;][vc_single_image image=\u00bb1331&#8243; img_size=\u00bbfull\u00bb alignment=\u00bbcenter\u00bb][vc_column_text]Todos asistieron a las divertid\u00edsimas sesiones en las que los protagonistas se sent\u00edan como modelos publicitarios[\/vc_column_text][\/vc_column_inner][vc_column_inner width=\u00bb1\/3&#8243;][vc_single_image image=\u00bb1326&#8243; img_size=\u00bbfull\u00bb alignment=\u00bbcenter\u00bb][vc_column_text]All\u00ed mismo se hizo un pase de im\u00e1genes que todos ten\u00edan que votar&#8230; era la campa\u00f1a definitiva&#8230; \u00a1ya retocada y maquetada![\/vc_column_text][\/vc_column_inner][vc_column_inner width=\u00bb1\/3&#8243;][vc_single_image image=\u00bb1327&#8243; img_size=\u00bbfull\u00bb alignment=\u00bbcenter\u00bb][vc_column_text]Y para recordar siempre el d\u00eda que fueron modelos de Lancome (adem\u00e1s de Creativos de Publicidad) cada uno se llevo una copia de sus mejores im\u00e1genes[\/vc_column_text][\/vc_column_inner][\/vc_row_inner][vc_row_inner][vc_column_inner][\/vc_column_inner][\/vc_row_inner][\/vc_column][\/vc_row]<\/p>\n<\/div>","protected":false},"excerpt":{"rendered":"<p>[vc_row][vc_column][vc_column_text] Organizaci\u00f3n de eventos: Conseguir que sea inolvidable Cuando organizas un evento, al plantear la creatividad, piensas\u00a0el evento perfecto\u00a0debe ser inolvidable. Y&#8230;<\/p>\n","protected":false},"author":3,"featured_media":0,"parent":1283,"menu_order":0,"comment_status":"closed","ping_status":"closed","template":"","meta":{"footnotes":""},"class_list":["post-1333","page","type-page","status-publish"],"_links":{"self":[{"href":"https:\/\/www.believearts.com\/believe-diseno-creativo\/wp-json\/wp\/v2\/pages\/1333","targetHints":{"allow":["GET"]}}],"collection":[{"href":"https:\/\/www.believearts.com\/believe-diseno-creativo\/wp-json\/wp\/v2\/pages"}],"about":[{"href":"https:\/\/www.believearts.com\/believe-diseno-creativo\/wp-json\/wp\/v2\/types\/page"}],"author":[{"embeddable":true,"href":"https:\/\/www.believearts.com\/believe-diseno-creativo\/wp-json\/wp\/v2\/users\/3"}],"replies":[{"embeddable":true,"href":"https:\/\/www.believearts.com\/believe-diseno-creativo\/wp-json\/wp\/v2\/comments?post=1333"}],"version-history":[{"count":0,"href":"https:\/\/www.believearts.com\/believe-diseno-creativo\/wp-json\/wp\/v2\/pages\/1333\/revisions"}],"up":[{"embeddable":true,"href":"https:\/\/www.believearts.com\/believe-diseno-creativo\/wp-json\/wp\/v2\/pages\/1283"}],"wp:attachment":[{"href":"https:\/\/www.believearts.com\/believe-diseno-creativo\/wp-json\/wp\/v2\/media?parent=1333"}],"curies":[{"name":"wp","href":"https:\/\/api.w.org\/{rel}","templated":true}]}}