{"id":1415,"date":"2023-02-06T18:59:12","date_gmt":"2023-02-06T17:59:12","guid":{"rendered":"https:\/\/www.believearts.com\/believe-diseno-creativo\/?page_id=1415"},"modified":"2023-02-21T18:20:40","modified_gmt":"2023-02-21T17:20:40","slug":"kit-digital","status":"publish","type":"page","link":"https:\/\/www.believearts.com\/believe-diseno-creativo\/kit-digital\/","title":{"rendered":"Kit Digital"},"content":{"rendered":"<div class=\"wpb-content-wrapper\"><p>[vc_section css=\u00bb.vc_custom_1548863945946{margin-top: 15px !important;border-top-width: 15px !important;padding-top: 15px !important;}\u00bb][vc_row][vc_column][vc_column_text]<\/p>\n<h1>Agencia DIGITALIZADORA ADHERIDA AL PROGRAMA KIT DIGITAL<\/h1>\n<p>believe est\u00e1 adherida al programa Kit Digital financiado con los fondos europeos \u201cNext Generation UE\u201d. Esta soluci\u00f3n ofrece oportunidades tanto a PYMES como a aut\u00f3nomos, que pueden encontrar una gran manera de impulsar su negocio.[\/vc_column_text][vc_single_image image=\u00bb1416&#8243; img_size=\u00bbfull\u00bb alignment=\u00bbcenter\u00bb][vc_column_text]Si est\u00e1s <a href=\"https:\/\/www.believearts.com\/believe-diseno-creativo\/believe-mi-agencia-de-publicidad-bonita-frase-no\/\">eligiendo agencia de publicidad<\/a> encontrar\u00e1s en believe un nuevo motivo\u00a0 ya que lanzamos nuevos paquetes de servicios adaptados al programa de ayuda del Gobierno Kit Digital: Ayudas m\u00e1ximas. Esto sumado a la calidad de nuestro trabajo en las <a href=\"https:\/\/www.believearts.com\/believe-diseno-creativo\/areas-de-trabajo\/?grid_bf4fdfb-category=online\">\u00e1reas creativas<\/a> digitales hace que seamos una gran elecci\u00f3n.[\/vc_column_text][vc_empty_space height=\u00bb10px\u00bb][vc_row_inner][vc_column_inner width=\u00bb1\/3&#8243;][vc_icon icon_fontawesome=\u00bbfas fa-chart-pie\u00bb color=\u00bbblack\u00bb background_style=\u00bbrounded\u00bb align=\u00bbcenter\u00bb][vc_column_text]<\/p>\n<div class=\"gem-infotext__title\">\n<div class=\"title-customize title-default\" style=\"text-align: center;\">SECTOR AL QUE APLICA<\/div>\n<\/div>\n<div class=\"gem-infotext__subtitle\">\n<div class=\"subtitle-customize styled-subtitle\" style=\"text-align: center;\"><strong>Todos<\/strong><\/div>\n<\/div>\n<p>[\/vc_column_text][\/vc_column_inner][vc_column_inner width=\u00bb1\/3&#8243;][vc_icon icon_fontawesome=\u00bbfas fa-globe-asia\u00bb color=\u00bbblack\u00bb background_style=\u00bbrounded\u00bb align=\u00bbcenter\u00bb][vc_column_text]<\/p>\n<div class=\"gem-infotext__title\">\n<div class=\"title-customize title-default\" style=\"text-align: center;\">\u00c1MBITO REGIONAL<\/div>\n<\/div>\n<div class=\"gem-infotext__subtitle\">\n<div class=\"subtitle-customize styled-subtitle\" style=\"text-align: center;\"><strong>Nacional<\/strong><\/div>\n<\/div>\n<p>[\/vc_column_text][\/vc_column_inner][vc_column_inner width=\u00bb1\/3&#8243;][vc_icon icon_fontawesome=\u00bbfas fa-briefcase\u00bb color=\u00bbblack\u00bb background_style=\u00bbrounded\u00bb align=\u00bbcenter\u00bb][vc_column_text]<\/p>\n<div class=\"gem-infotext__title\">\n<div class=\"title-customize title-default\" style=\"text-align: center;\">SEGMENTOS A LOS QUE SE DIRIGE<\/div>\n<\/div>\n<div class=\"gem-infotext__subtitle\">\n<div class=\"subtitle-customize styled-subtitle\" style=\"text-align: center;\"><strong>I (10 \u2013 49 Trabajadores)<\/strong><br \/>\n<strong>II (3 \u2013 9 Trabajadores)<\/strong><br \/>\n<strong>III (0 \u2013 2 Trabajadores)<\/strong><\/div>\n<\/div>\n<p>[\/vc_column_text][\/vc_column_inner][\/vc_row_inner][vc_tta_tour active_section=\u00bb1&#8243; title=\u00bbNuestras Soluciones\u00bb][vc_tta_section title=\u00bbSitio Web y presencia b\u00e1sica en Internet\u00bb tab_id=\u00bb1675704978541-206ab107-ab73&#8243;][vc_column_text]<\/p>\n<h2>Incluye una pagina Web en wordpress con un m\u00e1ximo de 5 apartados optimizada para SEO<\/h2>\n<p>Dise\u00f1amos la pagina, aportamos las im\u00e1genes necesarias\u00a0 y la optimizamos para buscadores. La web ser\u00e1 autogestionable, responsive y accesible.<\/p>\n<p>Precio (desde): <strong>2.000\u20ac <\/strong>(impuestos no incluidos)[\/vc_column_text][\/vc_tta_section][vc_tta_section title=\u00bbComercio electr\u00f3nico\u00bb tab_id=\u00bb1675704978563-048264e1-7347&#8243;][vc_column_text]<\/p>\n<h2>Incluye una TIENDA ONLINE en WOOCOMMERCE optimizada para SEO<\/h2>\n<p>Dise\u00f1amos la tienda y configuramos los m\u00e9todos de pago y de env\u00edo. Subimos los primeros productos y ense\u00f1amos al cliente a gestionarla. La web ser\u00e1 autogestionable, responsive y accesible.<\/p>\n<p>Precio (desde): <strong>2.000\u20ac <\/strong>(impuestos no incluidos)[\/vc_column_text][\/vc_tta_section][vc_tta_section title=\u00bbGesti\u00f3n de Redes Sociales\u00bb tab_id=\u00bb1675705170581-3022f538-546e\u00bb][vc_column_text]<\/p>\n<h2>ESTUDIAMOS LA ACTIVIDAD Y PROPONEMOS LA MEJOR ESTRATEGIA EN REDES SOCIALES<\/h2>\n<p>Creamos u optimizamos el dise\u00f1o de los perfiles en la redes seleccionadas. Nos ocupamos de su mantenimiento publicando\u00a0 y gestionando con el fin de mejorar tus resultados.<\/p>\n<p>Precio (desde): <strong>2.000\u20ac <\/strong>(impuestos no incluidos)[\/vc_column_text][\/vc_tta_section][vc_tta_section title=\u00bbPresencia Avanzada en Internet\u00bb tab_id=\u00bb1675705212828-48492b4c-4141&#8243;][vc_column_text]<\/p>\n<h2>Mejoramos tu presencia online<\/h2>\n<p>Desde un posicionamiento avanzado hasta la creaci\u00f3n de perfiles espec\u00edficos en buscadores y portales de negocio adaptando el proceso a las necesidades espec\u00edficas de tu negocio<\/p>\n<p>Precio (desde): <strong>2.000\u20ac <\/strong>(impuestos no incluidos)[\/vc_column_text][\/vc_tta_section][\/vc_tta_tour][\/vc_column][\/vc_row][\/vc_section]<\/p>\n<\/div>","protected":false},"excerpt":{"rendered":"<p>[vc_section css=\u00bb.vc_custom_1548863945946{margin-top: 15px !important;border-top-width: 15px !important;padding-top: 15px !important;}\u00bb][vc_row][vc_column][vc_column_text] Agencia DIGITALIZADORA ADHERIDA AL PROGRAMA KIT DIGITAL believe est\u00e1 adherida al programa Kit Digital&#8230;<\/p>\n","protected":false},"author":3,"featured_media":0,"parent":0,"menu_order":0,"comment_status":"closed","ping_status":"open","template":"","meta":{"footnotes":""},"class_list":["post-1415","page","type-page","status-publish"],"_links":{"self":[{"href":"https:\/\/www.believearts.com\/believe-diseno-creativo\/wp-json\/wp\/v2\/pages\/1415","targetHints":{"allow":["GET"]}}],"collection":[{"href":"https:\/\/www.believearts.com\/believe-diseno-creativo\/wp-json\/wp\/v2\/pages"}],"about":[{"href":"https:\/\/www.believearts.com\/believe-diseno-creativo\/wp-json\/wp\/v2\/types\/page"}],"author":[{"embeddable":true,"href":"https:\/\/www.believearts.com\/believe-diseno-creativo\/wp-json\/wp\/v2\/users\/3"}],"replies":[{"embeddable":true,"href":"https:\/\/www.believearts.com\/believe-diseno-creativo\/wp-json\/wp\/v2\/comments?post=1415"}],"version-history":[{"count":11,"href":"https:\/\/www.believearts.com\/believe-diseno-creativo\/wp-json\/wp\/v2\/pages\/1415\/revisions"}],"predecessor-version":[{"id":1429,"href":"https:\/\/www.believearts.com\/believe-diseno-creativo\/wp-json\/wp\/v2\/pages\/1415\/revisions\/1429"}],"wp:attachment":[{"href":"https:\/\/www.believearts.com\/believe-diseno-creativo\/wp-json\/wp\/v2\/media?parent=1415"}],"curies":[{"name":"wp","href":"https:\/\/api.w.org\/{rel}","templated":true}]}}