{"id":453,"date":"2013-01-16T12:38:03","date_gmt":"2013-01-16T11:38:03","guid":{"rendered":"http:\/\/www.believearts.com\/?page_id=453"},"modified":"2020-08-25T17:29:20","modified_gmt":"2020-08-25T15:29:20","slug":"sobre-believe","status":"publish","type":"page","link":"https:\/\/www.believearts.com\/believe-diseno-creativo\/sobre-believe\/","title":{"rendered":"Sobre believe"},"content":{"rendered":"<p><strong>believe<\/strong> es un peque\u00f1o grupo humano que cree en la comunicaci\u00f3n.<\/p>\n<p>Nos gusta el dise\u00f1o. Nos gustan las ideas. Nos gusta crear.<\/p>\n<p>A veces queremos conmover, pero otras muchas veces simplemente buscamos hacer que sea m\u00e1s sencillo leer un informe econ\u00f3mico de resultados. En ocasiones tenemos entre las manos la oportunidad de mostrar grandes cosas, y otras encontramos la manera de emocionar. Siempre trabajamos con la ilusi\u00f3n de poder transmitir algo, de hacer que cada pieza que pase por nuestras manos tenga algo especial.<\/p>\n<p>Cada marca, como cada persona, merecen todo nuestro respeto, atenci\u00f3n y dedicaci\u00f3n. Buscamos el medio m\u00e1s adecuado para sus necesidades de comunicaci\u00f3n y adaptamos el lenguaje espec\u00edfico de ese medio a la personalidad de la marca. No nos movemos por modas, sino que vamos incorporando las novedades que nos ofrece el mercado para que nuestros clientes puedan aprovechar sus ventajas. Sabemos hacer una app espec\u00edfica para el iPad Pro, aunque tambi\u00e9n sabemos que, muchas veces, un flyer es la mejor opci\u00f3n.<\/p>\n<p>Creemos en lo que hacemos, porque sabemos que funciona. Lo hemos visto y nos lo hab\u00e9is contado. Y sabemos que con la suma de muchos peque\u00f1os esfuerzos se consiguen grandes cosas. Es nuestra peque\u00f1a manera de hacer el mundo un poco m\u00e1s bonito. Y la idea de tener eso a nuestro alcance nos hace creer.<\/p>\n<p>Don&#8217;t stop believin&#8217;<\/p>\n","protected":false},"excerpt":{"rendered":"<p>believe es un peque\u00f1o grupo humano que cree en la comunicaci\u00f3n. Nos gusta el dise\u00f1o. Nos gustan las ideas. Nos gusta crear&#8230;.<\/p>\n","protected":false},"author":3,"featured_media":0,"parent":0,"menu_order":0,"comment_status":"closed","ping_status":"open","template":"","meta":{"footnotes":""},"class_list":["post-453","page","type-page","status-publish"],"_links":{"self":[{"href":"https:\/\/www.believearts.com\/believe-diseno-creativo\/wp-json\/wp\/v2\/pages\/453","targetHints":{"allow":["GET"]}}],"collection":[{"href":"https:\/\/www.believearts.com\/believe-diseno-creativo\/wp-json\/wp\/v2\/pages"}],"about":[{"href":"https:\/\/www.believearts.com\/believe-diseno-creativo\/wp-json\/wp\/v2\/types\/page"}],"author":[{"embeddable":true,"href":"https:\/\/www.believearts.com\/believe-diseno-creativo\/wp-json\/wp\/v2\/users\/3"}],"replies":[{"embeddable":true,"href":"https:\/\/www.believearts.com\/believe-diseno-creativo\/wp-json\/wp\/v2\/comments?post=453"}],"version-history":[{"count":0,"href":"https:\/\/www.believearts.com\/believe-diseno-creativo\/wp-json\/wp\/v2\/pages\/453\/revisions"}],"wp:attachment":[{"href":"https:\/\/www.believearts.com\/believe-diseno-creativo\/wp-json\/wp\/v2\/media?parent=453"}],"curies":[{"name":"wp","href":"https:\/\/api.w.org\/{rel}","templated":true}]}}