{"id":461,"date":"2013-01-16T12:43:08","date_gmt":"2013-01-16T11:43:08","guid":{"rendered":"http:\/\/www.believearts.com\/?page_id=461"},"modified":"2019-01-30T17:24:32","modified_gmt":"2019-01-30T16:24:32","slug":"contacto-agencia-de-comunicacion-madrid","status":"publish","type":"page","link":"https:\/\/www.believearts.com\/believe-diseno-creativo\/contacto-agencia-de-comunicacion-madrid\/","title":{"rendered":"Contacto Agencia de Comunicaci\u00f3n Madrid"},"content":{"rendered":"<div class=\"wpb-content-wrapper\"><p>[vc_section css=\u00bb.vc_custom_1548863945946{margin-top: 15px !important;border-top-width: 15px !important;padding-top: 15px !important;}\u00bb][vc_row][vc_column][vc_column_text]<\/p>\n<h1>Agencia de Comunicaci\u00f3n Madrid<\/h1>\n<p>Si buscas una agencia de comunicaci\u00f3n en Madrid, si necesitas dise\u00f1o gr\u00e1fico, video, dise\u00f1o on line, eventos en Madrid aqu\u00ed tienes el contacto de believe. Por supuesto no nos ce\u00f1imos solo a Madrid&#8230; tenemos clientes en toda Espa\u00f1a&#8230; y alguno internacional.<\/p>\n<p>Antes de ponernos a escribir sobre nosotros mismos (que no nos gusta&#8230; ni cuando es necesario) te ofrecemos ver <a href=\"https:\/\/www.believearts.com\/believe-diseno-creativo\/areas-de-trabajo\/\">algunos de nuestros trabajos<\/a>\u00a0o qui\u00e9n pronuncia nuestra frase favorita \u00ab<a href=\"https:\/\/www.believearts.com\/believe-diseno-creativo\/believe-mi-agencia-de-publicidad-bonita-frase-no\/\">believe: mi agencia de publicidad<\/a>\u00bb<\/p>\n<p>Si quieres saber m\u00e1s sobre believe: nos consideramos sobre todo una agencia de comunicaci\u00f3n. En el sentido m\u00e1s global. Nos gusta comunicar en todas sus formas. Tratamos de dominar todas las areas posibles, para poder ofrecer todas las herramientas y soluciones. Hay que ser realistas con las limitaciones de presupuesto y ofrecer recursos. Porque, aunque est\u00e1 mal insistir, nos gusta\u00a0la comunicaci\u00f3n y los problemas que plantea. Queremos llegar. Que se vea lo que decimos. Y por supuesto ofrecer creatividad y dise\u00f1o a la altura de las necesidades del cliente. \u00bfhablamos?[\/vc_column_text][\/vc_column][\/vc_row][\/vc_section][vc_row css=\u00bb.vc_custom_1548865330626{margin-top: 5px !important;margin-bottom: 5px !important;border-top-width: 5px !important;border-bottom-width: 5px !important;padding-top: 5px !important;padding-bottom: 5px !important;}\u00bb][vc_column width=\u00bb1\/2&#8243; el_position=\u00bbfirst\u00bb][vc_column_text width=\u00bb1\/1&#8243; el_position=\u00bbfirst last\u00bb]Si necesitas cualquier cosa, no dudes en contactar con nosotros:[\/vc_column_text]<div class=\"gem-icon-with-text gem-icon-with-text-icon-size-small\" ><div style=\"margin-bottom:0px;margin-top:0px; \" class=\"gem-icon-with-text-icon\"><div class=\"gem-icon gem-icon-pack-elegant gem-icon-size-small  gem-icon-shape-square gem-simple-icon \"  style=\"opacity: 1;\"><div class=\"gem-icon-inner\" style=\"\"><span class=\"gem-icon-half-1\" style=\"color: ;\"><span class=\"back-angle\">&#xe090;<\/span><\/span><span class=\"gem-icon-half-2\" style=\"\"><span class=\"back-angle\">&#xe090;<\/span><\/span><\/div><\/div><\/div><div class=\"gem-icon-with-text-content\" ><div class=\"gem-icon-with-text-text\">[vc_column_text]915 593 509[\/vc_column_text]<\/div><\/div><div class=\"clearboth\"><\/div><\/div><div class=\"gem-icon-with-text gem-icon-with-text-icon-size-small\" ><div style=\"margin-bottom:0px;margin-top:0px; \" class=\"gem-icon-with-text-icon\"><div class=\"gem-icon gem-icon-pack-elegant gem-icon-size-small  gem-icon-shape-square gem-simple-icon \"  style=\"opacity: 1;\"><div class=\"gem-icon-inner\" style=\"\"><span class=\"gem-icon-half-1\" style=\"color: ;\"><span class=\"back-angle\">&#xe020;<\/span><\/span><span class=\"gem-icon-half-2\" style=\"\"><span class=\"back-angle\">&#xe020;<\/span><\/span><\/div><\/div><\/div><div class=\"gem-icon-with-text-content\" ><div class=\"gem-icon-with-text-text\">[vc_column_text]info@believearts.com[\/vc_column_text]<\/div><\/div><div class=\"clearboth\"><\/div><\/div><div class=\"gem-icon-with-text gem-icon-with-text-icon-size-small\" ><div style=\"margin-bottom:0px;margin-top:0px; \" class=\"gem-icon-with-text-icon\"><div class=\"gem-icon gem-icon-pack-elegant gem-icon-size-small  gem-icon-shape-square gem-simple-icon \"  style=\"opacity: 1;\"><div class=\"gem-icon-inner\" style=\"\"><span class=\"gem-icon-half-1\" style=\"color: ;\"><span class=\"back-angle\">&#xe081;<\/span><\/span><span class=\"gem-icon-half-2\" style=\"\"><span class=\"back-angle\">&#xe081;<\/span><\/span><\/div><\/div><\/div><div class=\"gem-icon-with-text-content\" ><div class=\"gem-icon-with-text-text\">[vc_column_text]believe &#8211; C\/ Postigo de San Mart\u00edn 9. 3\u00ba-1\u00aa 28013 &#8211; Madrid[\/vc_column_text]<\/div><\/div><div class=\"clearboth\"><\/div><\/div>[vc_gmaps link=\u00bb#E-8_JTNDaWZyYW1lJTIwc3JjJTNEJTIyaHR0cHMlM0ElMkYlMkZ3d3cuZ29vZ2xlLmNvbSUyRm1hcHMlMkZlbWJlZCUzRnBiJTNEJTIxMW0xOCUyMTFtMTIlMjExbTMlMjExZDMxMzMuNzYzODIxMjgyNzU4NyUyMTJkLTMuNzA4MzU2Mzg4MTcwMTgyJTIxM2Q0MC40MTkzNjI0MDQxMzAwMzQlMjEybTMlMjExZjAlMjEyZjAlMjEzZjAlMjEzbTIlMjExaTEwMjQlMjEyaTc2OCUyMTRmMTMuMSUyMTNtMyUyMTFtMiUyMTFzMHhkNDIyODdjNDYyM2I4MzklMjUzQTB4YzE5MDIxODIzNjVjNzUxYyUyMTJzYmVsaWV2ZSUyMTVlMCUyMTNtMiUyMTFzZXMlMjEyc2VzJTIxNHYxNTMyMzY3OTIzNTQ5JTIyJTIwd2lkdGglM0QlMjI4MDAlMjIlMjBoZWlnaHQlM0QlMjI2MDAlMjIlMjBmcmFtZWJvcmRlciUzRCUyMjAlMjIlMjBzdHlsZSUzRCUyMmJvcmRlciUzQTAlMjIlMjBhbGxvd2Z1bGxzY3JlZW4lM0UlM0MlMkZpZnJhbWUlM0U=\u00bb size=\u00bb330&#8243;][\/vc_column][vc_column width=\u00bb1\/2&#8243; el_position=\u00bblast\u00bb]<div class=\"wpforms-container wpforms-container-full\" id=\"wpforms-1074\"><form id=\"wpforms-form-1074\" class=\"wpforms-validate wpforms-form\" data-formid=\"1074\" method=\"post\" enctype=\"multipart\/form-data\" action=\"\/believe-diseno-creativo\/wp-json\/wp\/v2\/pages\/461\"><noscript class=\"wpforms-error-noscript\">Por favor, activa JavaScript en tu navegador para completar este formulario.<\/noscript><div class=\"wpforms-field-container\"><div id=\"wpforms-1074-field_0-container\" class=\"wpforms-field wpforms-field-name\" data-field-id=\"0\"><label class=\"wpforms-field-label\" for=\"wpforms-1074-field_0\">Nombre <span class=\"wpforms-required-label\">*<\/span><\/label><div class=\"wpforms-field-row wpforms-field-large\"><div class=\"wpforms-field-row-block wpforms-first wpforms-one-half\"><input type=\"text\" id=\"wpforms-1074-field_0\" class=\"wpforms-field-name-first wpforms-field-required\" name=\"wpforms[fields][0][first]\" placeholder=\"Nombre\" required><label for=\"wpforms-1074-field_0\" class=\"wpforms-field-sublabel after wpforms-sublabel-hide\">Nombre<\/label><\/div><div class=\"wpforms-field-row-block wpforms-one-half\"><input type=\"text\" id=\"wpforms-1074-field_0-last\" class=\"wpforms-field-name-last wpforms-field-required\" name=\"wpforms[fields][0][last]\" placeholder=\"Apellidos\" required><label for=\"wpforms-1074-field_0-last\" class=\"wpforms-field-sublabel after wpforms-sublabel-hide\">Apellidos<\/label><\/div><\/div><\/div><div id=\"wpforms-1074-field_1-container\" class=\"wpforms-field wpforms-field-email\" data-field-id=\"1\"><label class=\"wpforms-field-label\" for=\"wpforms-1074-field_1\">Correo electr\u00f3nico <span class=\"wpforms-required-label\">*<\/span><\/label><input type=\"email\" id=\"wpforms-1074-field_1\" class=\"wpforms-field-large wpforms-field-required\" name=\"wpforms[fields][1]\" placeholder=\"Correo electr\u00f3nico\" required><\/div><div id=\"wpforms-1074-field_3-container\" class=\"wpforms-field wpforms-field-phone\" data-field-id=\"3\"><label class=\"wpforms-field-label\" for=\"wpforms-1074-field_3\">\u00bfquieres que te llamemos?<\/label><input type=\"tel\" id=\"wpforms-1074-field_3\" class=\"wpforms-field-large\" data-rule-int-phone-field=\"true\" name=\"wpforms[fields][3]\" placeholder=\"Tel\u00e9fono\" ><\/div><div id=\"wpforms-1074-field_2-container\" class=\"wpforms-field wpforms-field-textarea\" data-field-id=\"2\"><label class=\"wpforms-field-label\" for=\"wpforms-1074-field_2\">Comentarios <span class=\"wpforms-required-label\">*<\/span><\/label><textarea id=\"wpforms-1074-field_2\" class=\"wpforms-field-medium wpforms-field-required\" name=\"wpforms[fields][2]\" required><\/textarea><\/div><div id=\"wpforms-1074-field_4-container\" class=\"wpforms-field wpforms-field-checkbox\" data-field-id=\"4\"><ul id=\"wpforms-1074-field_4\" class=\"wpforms-field-required\"><li class=\"choice-1 depth-1\"><input type=\"checkbox\" id=\"wpforms-1074-field_4_1\" name=\"wpforms[fields][4][]\" value=\" Acepto la Pol\u00edtica de Privacidad\" required ><label class=\"wpforms-field-label-inline\" for=\"wpforms-1074-field_4_1\"> Acepto la Pol\u00edtica de Privacidad<\/label><\/li><\/ul><\/div><\/div><div class=\"wpforms-field wpforms-field-hp\"><label for=\"wpforms-1074-field-hp\" class=\"wpforms-field-label\">Website<\/label><input type=\"text\" name=\"wpforms[hp]\" id=\"wpforms-1074-field-hp\" class=\"wpforms-field-medium\"><\/div><div class=\"wpforms-submit-container\" ><input type=\"hidden\" name=\"wpforms[id]\" value=\"1074\"><input type=\"hidden\" name=\"wpforms[author]\" value=\"3\"><button type=\"submit\" name=\"wpforms[submit]\" class=\"wpforms-submit \" id=\"wpforms-submit-1074\" value=\"wpforms-submit\" aria-live=\"assertive\" data-alt-text=\"enviando...\" data-submit-text=\"Enviar\">Enviar<\/button><\/div><\/form><\/div>  <!-- .wpforms-container -->[\/vc_column][\/vc_row][vc_row][vc_column][vc_column_text]<\/p>\n<h2>Seleccionando Agencia de Comunicaci\u00f3n Madrid<\/h2>\n<p>La comunicaci\u00f3n evoluciona de manera constante. Cada vez hay m\u00e1s medios. Y m\u00e1s marcas. Y m\u00e1s competencia. La evoluci\u00f3n de la tecnolog\u00eda tambi\u00e9n empuja. Por eso el cl\u00e1sico on-line y off-line qued\u00f3 atr\u00e1s. Tambi\u00e9n es el motivo de un peque\u00f1o l\u00edo con las denominaciones: \u00bfAgencia de comunicaci\u00f3n? \u00bfAgencia de publicidad? \u00bfEstudio de dise\u00f1o? Tradicionalmente los roles estaban claros. Ya no. Para conseguir una comunicaci\u00f3n eficaz es necesario coordinar todas las areas. Desde believe ofrecemos todos los servicios para no duplicar esfuerzos (y gastos). Y sobre todo ofrecemos transparencia. Cuando hablemos te explicaremos que vamos a hacer y por qu\u00e9. Desde imprimir unos flyers hasta el SEO. Desde la idea hasta la compra de medios. Lo que se adapte a tus necesidades de comunicaci\u00f3n y por supuesto a tu presupuesto. Queremos ser tu agencia de comunicaci\u00f3n.[\/vc_column_text][\/vc_column][\/vc_row]<\/p>\n<\/div>","protected":false},"excerpt":{"rendered":"<p>[vc_section css=\u00bb.vc_custom_1548863945946{margin-top: 15px !important;border-top-width: 15px !important;padding-top: 15px !important;}\u00bb][vc_row][vc_column][vc_column_text] Agencia de Comunicaci\u00f3n Madrid Si buscas una agencia de comunicaci\u00f3n en Madrid, si necesitas&#8230;<\/p>\n","protected":false},"author":3,"featured_media":0,"parent":0,"menu_order":0,"comment_status":"closed","ping_status":"open","template":"","meta":{"footnotes":""},"class_list":["post-461","page","type-page","status-publish"],"_links":{"self":[{"href":"https:\/\/www.believearts.com\/believe-diseno-creativo\/wp-json\/wp\/v2\/pages\/461","targetHints":{"allow":["GET"]}}],"collection":[{"href":"https:\/\/www.believearts.com\/believe-diseno-creativo\/wp-json\/wp\/v2\/pages"}],"about":[{"href":"https:\/\/www.believearts.com\/believe-diseno-creativo\/wp-json\/wp\/v2\/types\/page"}],"author":[{"embeddable":true,"href":"https:\/\/www.believearts.com\/believe-diseno-creativo\/wp-json\/wp\/v2\/users\/3"}],"replies":[{"embeddable":true,"href":"https:\/\/www.believearts.com\/believe-diseno-creativo\/wp-json\/wp\/v2\/comments?post=461"}],"version-history":[{"count":0,"href":"https:\/\/www.believearts.com\/believe-diseno-creativo\/wp-json\/wp\/v2\/pages\/461\/revisions"}],"wp:attachment":[{"href":"https:\/\/www.believearts.com\/believe-diseno-creativo\/wp-json\/wp\/v2\/media?parent=461"}],"curies":[{"name":"wp","href":"https:\/\/api.w.org\/{rel}","templated":true}]}}