{"id":719,"date":"2014-05-26T12:55:14","date_gmt":"2014-05-26T10:55:14","guid":{"rendered":"http:\/\/www.believearts.com\/?page_id=719"},"modified":"2020-07-02T18:27:18","modified_gmt":"2020-07-02T16:27:18","slug":"aviso-legal-y-politica-de-privacidad","status":"publish","type":"page","link":"https:\/\/www.believearts.com\/believe-diseno-creativo\/aviso-legal-y-politica-de-privacidad\/","title":{"rendered":"Aviso Legal y Pol\u00edtica de Privacidad"},"content":{"rendered":"<p><b><h3>AVISO LEGAL Y POLITICA DE PRIVACIDAD <\/h3><\/b><\/p>\n<p><strong>OBJETO: <\/strong><\/p>\n<p>La presente p\u00e1gina Web ha sido dise\u00f1ada para dar a conocer los servicios ofertados por la entidad Sebasti\u00e1n Collantes SL, C\/ Postigo San Mart\u00edn, n\u00ba 9 , 3\u00ba-1\u00aa, Madrid, C.P. 28013, Espa\u00f1a; as\u00ed como para la recepci\u00f3n de posibles clientes, contactos comerciales y demandas de empleo.<\/p>\n<p><strong>PROPIEDAD INTELECTUAL E INDUSTRIAL:<\/strong><\/p>\n<p>Los derechos de propiedad intelectual de la p\u00e1gina www.believearts.com, su c\u00f3digo fuente, dise\u00f1o, estructuras de navegaci\u00f3n y los distintos elementos en ella contenidos son titularidad de Sebasti\u00e1n Collantes SL, a quien corresponde el ejercicio exclusivo de los derechos de explotaci\u00f3n de los mismos en cualquier forma y, en especial, los derechos de reproducci\u00f3n, distribuci\u00f3n, comunicaci\u00f3n p\u00fablica y transformaci\u00f3n, de acuerdo con la legislaci\u00f3n espa\u00f1ola y de la uni\u00f3n europea aplicable.<\/p>\n<p>El portal de Sebasti\u00e1n Collantes SL, las p\u00e1ginas que comprende y la informaci\u00f3n o elementos contenidos en las mismas, incluyen textos, documentos, fotograf\u00edas, dibujos, representaciones gr\u00e1ficas, programas inform\u00e1ticos, as\u00ed como logotipos, marcas, nombres comerciales, u otros signos distintivos, protegidos por derechos de propiedad intelectual o industrial, de los que Sebasti\u00e1n Collantes SLson titulares o leg\u00edtimas licenciatarias.<\/p>\n<p><strong>CONTENIDOS:<\/strong><\/p>\n<p>Se facilita a trav\u00e9s de esta Web informaci\u00f3n acerca de servicios destinados a conocimiento p\u00fablico que en todo caso se sujetar\u00e1n a los t\u00e9rminos y condiciones expresamente detallados en cada momento y que son accesibles desde esta p\u00e1gina Web, los cuales se sujetar\u00e1n a las distintas disposiciones legales de aplicaci\u00f3n.<\/p>\n<p><strong>ACCESO Y USO:<\/strong><\/p>\n<p>Tanto el acceso a esta p\u00e1gina Web, como el uso que pueda hacerse de la informaci\u00f3n y contenidos incluidos en la misma, ser\u00e1 de la exclusiva responsabilidad de quien lo realice.<\/p>\n<p>Las condiciones de acceso a este Web estar\u00e1n supeditadas a la legalidad vigente y los principios de la buena fe y uso l\u00edcito por parte del usuario de la misma, quedando prohibido con car\u00e1cter general cualquier tipo de actuaci\u00f3n en perjuicio de Sebasti\u00e1n Collantes SL.<\/p>\n<p>Se considerar\u00e1 terminantemente prohibido el uso de la presente p\u00e1gina Web con fines ilegales o no autorizados.<\/p>\n<p>Queda prohibida cualquier modalidad de explotaci\u00f3n, incluyendo todo tipo de reproducci\u00f3n, distribuci\u00f3n, cesi\u00f3n a terceros, comunicaci\u00f3n p\u00fablica y transformaci\u00f3n, mediante cualquier tipo de soporte y medio, de las obras antes referidas, creaciones y signos distintivos sin autorizaci\u00f3n previa y expresa de sus respectivos titulares. El incumplimiento de esta prohibici\u00f3n podr\u00e1 constituir infracci\u00f3n sancionable por la legislaci\u00f3n vigente.<\/p>\n<p>No obstante, por su cuenta y riesgo, el usuario podr\u00e1 descargar o realizar copia de tales elementos exclusivamente para su uso personal, siempre que no infrinja ninguno de los derechos de propiedad intelectual o industrial de Sebasti\u00e1n Collantes SL, ni los altere total o parcialmente. En ning\u00fan caso, ello significar\u00e1 una autorizaci\u00f3n o licencia sobre los derechos de propiedad de Sebasti\u00e1n Collantes SL.<\/p>\n<p>Queda prohibido, salvo en los casos que expresamente lo autorice Sebasti\u00e1n Collantes SL, presentar las p\u00e1ginas de Sebasti\u00e1n Collantes SL, o la informaci\u00f3n contenida en ellas bajo frames o marcos, signos distintivos, marcas o denominaciones sociales o comerciales de otra persona, empresa o entidad.<\/p>\n<p><strong>RESPONSABILIDAD:<\/strong><\/p>\n<p>Sebasti\u00e1n Collantes SLno se hace responsable bajo ning\u00fan concepto por ning\u00fan tipo de da\u00f1o que pudiesen ocasionar los Usuarios a la presente p\u00e1gina Web, o a cualquier otra, por el uso ilegal o indebido de la misma, o de los contenidos e informaciones accesibles o facilitadas a trav\u00e9s de ella.<\/p>\n<p><strong>SERVICIO:<\/strong><\/p>\n<p>Sebasti\u00e1n Collantes SLse reserva el derecho de suspender el acceso a su p\u00e1gina Web, sin previo aviso, de forma discrecional y temporal, por razones t\u00e9cnicas o de cualquier otra \u00edndole, pudiendo asimismo modificar unilateralmente tanto las condiciones de acceso, como la totalidad o parte de los contenidos en ella incluidos.<\/p>\n<p><strong>GENERALES:<\/strong><\/p>\n<p>Para toda cuesti\u00f3n litigiosa o que incumba a la P\u00e1gina Web de Sebasti\u00e1n Collantes SL, ser\u00e1 de aplicaci\u00f3n la legislaci\u00f3n espa\u00f1ola, siendo competentes para la resoluci\u00f3n de todos los conflictos derivados o relacionados con el uso de esta p\u00e1gina Web, los Juzgados y Tribunales del domicilio del usuario. El acceso a la p\u00e1gina Web de Sebasti\u00e1n Collantes SLimplica la aceptaci\u00f3n de todas las condiciones anteriormente expresadas.<\/p>\n<p><strong>HIPERENLACES:<\/strong><\/p>\n<p>Los hiperenlaces contenidos en el sitio Web de Sebasti\u00e1n Collantes SLpueden dirigir a p\u00e1ginas Web de terceros. Sebasti\u00e1n Collantes SLno asume ninguna responsabilidad por el contenido, informaciones o servicios que pudieran aparecer en dichos sitios, que tendr\u00e1n exclusivamente car\u00e1cter informativo y que en ning\u00fan caso implican relaci\u00f3n alguna entre Sebasti\u00e1n Collantes SLy a las personas o entidades titulares de tales contenidos o titulares de los sitios donde se encuentren.<\/p>\n<p><strong>POLITICA DE PRIVACIDAD <\/strong><\/p>\n<table>\n<tbody>\n<tr>\n<td colspan=\"2\" width=\"450\"><b>Informaci\u00f3n B\u00e1sica sobre Protecci\u00f3n de datos<\/b><\/td>\n<\/tr>\n<tr>\n<td width=\"112\"><strong>Responsable:<\/strong><\/td>\n<td width=\"337\">Sebasti\u00e1n Collantes SL<\/td>\n<\/tr>\n<tr>\n<td width=\"112\"><strong>Finalidad:<\/strong><\/td>\n<td width=\"337\">Atender su solicitud.<\/td>\n<\/tr>\n<tr>\n<td width=\"112\"><strong>Legitimaci\u00f3n:<\/strong><\/td>\n<td width=\"337\">Ejecuci\u00f3n de un contrato y consentimiento del interesado.<\/td>\n<\/tr>\n<tr>\n<td width=\"112\"><strong>Destinatarios:<\/strong><\/td>\n<td width=\"337\">No se ceder\u00e1n datos a terceros, salvo obligaci\u00f3n legal.<\/td>\n<\/tr>\n<tr>\n<td width=\"112\"><strong>Derechos:<\/strong><\/td>\n<td width=\"337\">Tiene derecho a acceder, rectificar y suprimir los datos, as\u00ed como otros derechos, indicados en la informaci\u00f3n adicional, que puede ejercer dirigi\u00e9ndose a Sebasti\u00e1n Collantes SL, C\/ Postigo San Mart\u00edn, n\u00ba 9 , 3\u00ba-1\u00aa, Madrid, C.P. 28013, Espa\u00f1a.<\/td>\n<\/tr>\n<\/tbody>\n<\/table>\n<p><strong>&nbsp;<\/strong><\/p>\n<p><strong>GENERAL:<\/strong><\/p>\n<p>A los efectos de lo previsto en el Reglamento Europeo de Protecci\u00f3n de Datos UE 2016\/679, de 27 de Abril (RGPD),enlaLeyOrg\u00e1nica3\/2018,de5deDiciembre,deProtecci\u00f3ndeDatosPersonalesyGarant\u00edadelosDerechosDigitales(LOPDGDD)yrestodelanormativanacionalvigente, Sebasti\u00e1n Collantes SL, le informa que cumple \u00edntegramente con la legislaci\u00f3n vigente en materia de protecci\u00f3n de datos de car\u00e1cter personal, y con los compromisos de confidencialidad propios de su actividad.<\/p>\n<p>Sebasti\u00e1n Collantes SLpone en su conocimiento la existencia de un sistema de tratamiento de la informaci\u00f3n, titularidad de Sebasti\u00e1n Collantes SL, para las finalidades propias de gesti\u00f3n, comunicaci\u00f3n e informaci\u00f3n. El citado sistema se encuentra descrito en el correspondiente Registro de Actividades de Tratamiento, al que puede acceder el usuario para comprobar la situaci\u00f3n de sus datos.<\/p>\n<p><strong>MEDIDAS Y NIVELES DE SEGURIDAD: <\/strong><\/p>\n<p>Sebasti\u00e1n Collantes SLha adoptado las medidas necesarias para garantizar la seguridad de la informaci\u00f3n, tal y como exige el art. 32 del RGPD, seg\u00fan la naturaleza de los datos personales tratados y las circunstancias del tratamiento, con el objeto de evitar, en la medida de lo posible y siempre seg\u00fan el estado de la t\u00e9cnica, su alteraci\u00f3n, p\u00e9rdida, tratamiento o acceso no autorizado, garantizando con ello la confidencialidad, integridad y disponibilidad de los mismos.<\/p>\n<p><strong>AMBITO DE APLICACI\u00d3N: <\/strong><\/p>\n<p>Las medidas de seguridad que el Sebasti\u00e1n Collantes SLtenga descritas en el Registro de Actividades de Tratamiento ser\u00e1n aplicadas al conjunto de activos del sistema de tratamiento de la informaci\u00f3n en el que se traten los datos de car\u00e1cter personal, con el objeto de dar cumplimiento a la legislaci\u00f3n vigente en materia de protecci\u00f3n de datos.<\/p>\n<p>Todo el personal contratado por Sebasti\u00e1n Collantes SLy sus Encargados de Tratamiento, est\u00e1n obligados al cumplimiento de la citada normativa, con especial atenci\u00f3n en lo relativo a sus funciones y obligaciones, incluido el deber de secreto que ser\u00e1n debidamente determinadas por Sebasti\u00e1n Collantes SL.<\/p>\n<p><strong>RECOGIDA DE DATOS:<\/strong><\/p>\n<p><strong>&nbsp;<\/strong>La aceptaci\u00f3n de las presentes condiciones, precisa del usuario la recogida de unos datos imprescindibles para la prestaci\u00f3n de sus servicios, que le ser\u00e1n solicitados personalmente a trav\u00e9s de formularios o de la p\u00e1gina Web. En el momento de la recogida de los datos, el usuario ser\u00e1 debidamente informado de los derechos que le asisten.<\/p>\n<p>Para que la informaci\u00f3n que contiene nuestro sistema de tratamiento est\u00e9 siempre actualizada y no contenga errores, pedimos a nuestros clientes y usuarios que nos comuniquen, a la mayor brevedad posible, las modificaciones y rectificaciones de sus datos de car\u00e1cter personal.<\/p>\n<p><strong>OBJETO: EJERCICIO DE DERECHOS: <\/strong><\/p>\n<p>Para ejercitar los Derechos de acceso, oposici\u00f3n, rectificaci\u00f3n, cancelaci\u00f3n o supresi\u00f3n, revocaci\u00f3n del consentimiento, limitaci\u00f3n del tratamiento de los datos y portabilidad, deber\u00e1n dirigirse a Sebasti\u00e1n Collantes SL, C\/ Postigo San Mart\u00edn, n\u00ba 9 , 3\u00ba-1\u00aa, Madrid, C.P. 28013, Espa\u00f1a. Tambi\u00e9npuedepresentarreclamaci\u00f3nantelaAEPD.No obstante podr\u00e1n utilizarse otros medios que permitan reconocer la identidad del cliente que ejercite cualquiera de los anteriores derechos.<\/p>\n<p><strong>CONSENTIMIENTO:<\/strong><\/p>\n<p>El usuario prestar\u00e1 su consentimiento para que Sebasti\u00e1n Collantes SLpueda hacer uso de sus datos personales a fin de prestar un correcto cumplimiento de los servicios contratados.<\/p>\n<p>La cumplimentaci\u00f3n del formulario incluido en el sitio o el env\u00edo de correos electr\u00f3nicos u otras comunicaciones a Sebasti\u00e1n Collantes SL, implica el consentimiento expreso del usuario a la inclusi\u00f3n de sus datos de car\u00e1cter personal en el referido sistema de tratamiento, titularidad de Sebasti\u00e1n Collantes SL.<\/p>\n<p>Al tiempo de la petici\u00f3n de esta informaci\u00f3n, se comunicar\u00e1 al cliente o usuario del destinatario de la informaci\u00f3n, de la finalidad para la cual se recogen los datos, de la identidad y direcci\u00f3n de Sebasti\u00e1n Collantes SLy de la facultad del usuario de ejercitar los derechos de acceso, oposici\u00f3n, rectificaci\u00f3n, cancelaci\u00f3n o supresi\u00f3n, revocaci\u00f3n del consentimiento, limitaci\u00f3n del tratamiento de los datos y portabilidad,y a presentar reclamaci\u00f3n ante la AEPD.<\/p>\n<p><strong>CESI\u00d3N A TERCEROS:<\/strong><\/p>\n<p><strong>&nbsp;<\/strong>Sebasti\u00e1n Collantes SLno cede datos de car\u00e1cter personal sin el consentimiento expreso de sus titulares, que deber\u00e1 ser concedido en cada ocasi\u00f3n, siendo s\u00f3lo cedidos con la finalidad expresada y siempre con el consentimiento del usuario o cliente.<\/p>\n<p><strong>&nbsp;<\/strong><strong>CONFIDENCIALIDAD Y SECRETO PROFESIONAL:<\/strong><\/p>\n<p>Los datos recogidos en todas las comunicaciones privadas entre Sebasti\u00e1n Collantes SLy los clientes o usuarios ser\u00e1n tratados con absoluta confidencialidad, comprometi\u00e9ndose Sebasti\u00e1n Collantes SL.a la obligaci\u00f3n de secreto de los datos de car\u00e1cter personal, a su deber de guardarlos y adoptar todas las medidas necesarias que eviten su alteraci\u00f3n, p\u00e9rdida y tratamiento o acceso no autorizado, de acuerdo con lo establecido en la normativa vigente.<\/p>\n<p>Adem\u00e1s, tambi\u00e9n tendr\u00e1 la condici\u00f3n de confidencial la informaci\u00f3n de cualquier tipo que las partes intercambien entre s\u00ed, aquella que estas acuerden que tiene tal naturaleza, o la que simplemente verse sobre el contenido de dicha informaci\u00f3n. La visualizaci\u00f3n de datos a trav\u00e9s de Internet, no supondr\u00e1 el acceso directo a los mismos, salvo consentimiento expreso de su titular para cada ocasi\u00f3n.<\/p>\n<p>Recomendamos al cliente que no facilite a tercero alguno su identificaci\u00f3n, contrase\u00f1a o n\u00fameros de referencia que Sebasti\u00e1n Collantes SLpudiera proporcionarle. Asimismo, para garantizar que la protecci\u00f3n del secreto profesional entre Sebasti\u00e1n Collantes SLy el cliente se preserve en todas las comunicaciones, el cliente\/usuario no debe revelar la informaci\u00f3n confidencial a terceros.<\/p>\n<p><strong>&nbsp;<\/strong><strong>CAMBIOS EN LA POL\u00cdTICA DE SEGURIDAD Y DE PROTECCI\u00d3N DE DATOS:<\/strong><\/p>\n<p>Sebasti\u00e1n Collantes SLse reserva el derecho de modificar su pol\u00edtica de seguridad y protecci\u00f3n de datos con el objeto de adaptarlo a las novedades legislativas o jurisprudenciales, as\u00ed como las que pudieran derivarse de c\u00f3digos tipo existentes en la materia, o por decisiones corporativas estrat\u00e9gicas, con efectos de la fecha de publicaci\u00f3n de dicha modificaci\u00f3n en la p\u00e1gina Web de Sebasti\u00e1n Collantes SL.<\/p>\n<p><strong>&nbsp;<\/strong><strong>DIRECCI\u00d3N DE CONTACTO:<\/strong><\/p>\n<p>El presente sitio Web es gestionado por Sebasti\u00e1n Collantes SL, con CIF B85106110.<\/p>\n<p>El sistema de tratamiento de la informaci\u00f3n creado, est\u00e1 ubicado en el domicilio social, el cual queda establecido a los efectos del presente Aviso Legal, en Sebasti\u00e1n-Collantes SL, C\/ Postigo San Mart\u00edn, n\u00ba 9 , 3\u00ba-1\u00aa, Madrid, C.P. 28013, Espa\u00f1a; bajo la supervisi\u00f3n y control de Sebasti\u00e1n Collantes SL, quien asume la responsabilidad en la adopci\u00f3n de medidas de seguridad de \u00edndole t\u00e9cnica y organizativa para proteger la confidencialidad e integridad de la informaci\u00f3n, de acuerdo con lo establecido en el Reglamento Europeo de Protecci\u00f3n de Datos UE 2016\/679, de 27 de Abril, la Ley Org\u00e1nica 3\/2018, de 5 de Diciembre, de Protecci\u00f3n de Datos Personales y Garant\u00eda de los Derechos Digitales, el resto de la normativa nacional vigente y dem\u00e1s legislaci\u00f3n aplicable.<\/p>\n<p>Sebasti\u00e1n Collantes SL a tenor de la Ley 34\/2002, de Servicios de la Sociedad de la Informaci\u00f3n y del Comercio Electr\u00f3nico, les comunica que la acepci\u00f3n amplia de dicha Ley, engloba entre estos servicios el suministro de informaci\u00f3n por dicho medio. En todo caso, ser\u00e1 de aplicaci\u00f3n el Reglamento Europeo de Protecci\u00f3n de Datos UE 2016\/679, de 27 de Abril, la Ley Org\u00e1nica 3\/2018, de 5 de Diciembre, de Protecci\u00f3n de Datos Personales y Garant\u00eda de los Derechos Digitales, el resto de la normativa nacional vigente y su normativa de desarrollo, en especial, en lo que se refiere a la obtenci\u00f3n de datos personales, la informaci\u00f3n a los interesados y la creaci\u00f3n y mantenimiento de ficheros de datos personales.<\/p>\n","protected":false},"excerpt":{"rendered":"<p>OBJETO: La presente p\u00e1gina Web ha sido dise\u00f1ada para dar a conocer los servicios ofertados por la entidad Sebasti\u00e1n Collantes SL, C\/&#8230;<\/p>\n","protected":false},"author":3,"featured_media":0,"parent":0,"menu_order":0,"comment_status":"closed","ping_status":"open","template":"","meta":{"footnotes":""},"class_list":["post-719","page","type-page","status-publish"],"_links":{"self":[{"href":"https:\/\/www.believearts.com\/believe-diseno-creativo\/wp-json\/wp\/v2\/pages\/719","targetHints":{"allow":["GET"]}}],"collection":[{"href":"https:\/\/www.believearts.com\/believe-diseno-creativo\/wp-json\/wp\/v2\/pages"}],"about":[{"href":"https:\/\/www.believearts.com\/believe-diseno-creativo\/wp-json\/wp\/v2\/types\/page"}],"author":[{"embeddable":true,"href":"https:\/\/www.believearts.com\/believe-diseno-creativo\/wp-json\/wp\/v2\/users\/3"}],"replies":[{"embeddable":true,"href":"https:\/\/www.believearts.com\/believe-diseno-creativo\/wp-json\/wp\/v2\/comments?post=719"}],"version-history":[{"count":0,"href":"https:\/\/www.believearts.com\/believe-diseno-creativo\/wp-json\/wp\/v2\/pages\/719\/revisions"}],"wp:attachment":[{"href":"https:\/\/www.believearts.com\/believe-diseno-creativo\/wp-json\/wp\/v2\/media?parent=719"}],"curies":[{"name":"wp","href":"https:\/\/api.w.org\/{rel}","templated":true}]}}